
{"id":19,"date":"2018-12-21T07:12:27","date_gmt":"2018-12-21T07:12:27","guid":{"rendered":"http:\/\/a2archis.fr\/?page_id=19"},"modified":"2022-04-28T13:07:20","modified_gmt":"2022-04-28T13:07:20","slug":"demarche-qualite","status":"publish","type":"page","link":"https:\/\/a2architectes.fr\/index.php\/demarche-qualite\/","title":{"rendered":"DEMARCHE QUALITE"},"content":{"rendered":"[vc_row fullwidth=\u00a0\u00bbtrue\u00a0\u00bb css=\u00a0\u00bb.vc_custom_1553239417369{margin-top: 11px !important;margin-bottom: 25px !important;}\u00a0\u00bb][vc_column][vc_column_text css=\u00a0\u00bb.vc_custom_1551864626794{margin-bottom: 0px !important;}\u00a0\u00bb]\n<h2 class=\"contentheadingstandard\" style=\"text-align: center; letter-spacing: 10px; font-weight: 500; font-size: 22px;\">D\u00e9marche qualit\u00e9 de l&rsquo;agence<\/h2>\n[\/vc_column_text][\/vc_column][\/vc_row][vc_row css=\u00a0\u00bb.vc_custom_1551871980852{margin-top: -25px !important;}\u00a0\u00bb][vc_column][vc_separator color=\u00a0\u00bbcustom\u00a0\u00bb border_width=\u00a0\u00bb2&Prime; el_width=\u00a0\u00bb30&Prime; accent_color=\u00a0\u00bb#dd3333&Prime;][\/vc_column][\/vc_row][vc_row fullwidth=\u00a0\u00bbtrue\u00a0\u00bb][vc_column][vc_column_text el_class=\u00a0\u00bbzds\u00a0\u00bb css=\u00a0\u00bb.vc_custom_1556548837619{margin-bottom: 0px !important;}\u00a0\u00bb]\n<p style=\"font-size: 15px; text-align: center;\">La m\u00e9thodologie propos\u00e9e pour la r\u00e9alisation de nos missions de ma\u00eetrise d\u2019\u0153uvre nous permet d\u2019optimiser les rapports avec nos ma\u00eetres d\u2019ouvrage.<br \/>\nLorsqu\u2019une affaire est cr\u00e9\u00e9e, un num\u00e9ro lui est attribu\u00e9 compos\u00e9 de deux lettres et trois chiffres.[\/vc_column_text][\/vc_column][\/vc_row][vc_row fullwidth=\u00a0\u00bbtrue\u00a0\u00bb][vc_column]<div id=\"master\"><div class=\"container\" id=\"img1\" style=\"background-image: url('\/wpa2\/wp-content\/uploads\/2019\/04\/20170119_172020.jpg'\");\"><\/div><div class=\"container\" id=\"img2\" style=\"background-image: url('\/wpa2\/wp-content\/uploads\/2019\/05\/esq-site-internet2.jpg');\"><\/div><div class=\"container\" id=\"img3\" style=\"background-image: url('\/wpa2\/wp-content\/uploads\/2019\/04\/perspective-final-30102017.jpg');\"><\/div><div class=\"container\" id=\"img4\" style=\"background-image: url('\/wpa2\/wp-content\/uploads\/2019\/06\/20190531_192017.jpg');\"><\/div><\/div>[vc_column_text css=\u00a0\u00bb.vc_custom_1556548827621{margin-bottom: 0px !important;}\u00a0\u00bb]\n<p style=\"font-size: 12px; text-align: center;\">Cliquez sur les images ci-dessus pour faire appara\u00eetre les diff\u00e9rentes \u00e9tapes des projets. SARL A2, capital social 1500\u20ac, RCS 442 363 362 R.C.S. Troyes.<\/p>\n[\/vc_column_text][\/vc_column][\/vc_row][vc_row css=\u00a0\u00bb.vc_custom_1553255207937{margin-top: 25px !important;}\u00a0\u00bb el_class=\u00a0\u00bbpt d\u00a0\u00bb][vc_column][vc_column_text animation=\u00a0\u00bbbottom-to-top\u00a0\u00bb css=\u00a0\u00bb.vc_custom_1551864958592{margin-bottom: 0px !important;}\u00a0\u00bb]\n<h3 style=\"font-weight: 500; font-size: 18px; color: #dd3333; text-align: center;\">PHASE 4 &#8211; DIRECTION DES TRAVAUX<\/h3>\n[\/vc_column_text][vc_column_text animation=\u00a0\u00bbbottom-to-top\u00a0\u00bb css=\u00a0\u00bb.vc_custom_1554820294988{margin-bottom: 0px !important;}\u00a0\u00bb]\n<h5>VISA des \u00e9tudes d&rsquo;ex\u00e9cution<\/h5>\n<p>L&rsquo;architecte vise et tamponne les plans d&rsquo;exe. des entreprises<br \/>\nFacturation<\/p>\n<h5>Direction de l&rsquo;Ex\u00e9cution des contrats de Travaux<\/h5>\n<p>CONSTAT contradictoire par un huissier DE L&rsquo;ETAT DES EXISTANTS ET DES AVOISINANTS<br \/>\nEtablissement du calendrier pr\u00e9visionnel d&rsquo;ex\u00e9cution des travaux par lots ou corps d&rsquo;\u00e9tat.<br \/>\nlettre aux concessionnaires pour la commune<br \/>\nLe ma\u00eetre d&rsquo;ouvrage signe les ordre de services<br \/>\nDate des r\u00e9unions de chantier+ comptes rendus<br \/>\nD\u00e9claration R\u00e9glementaire d&rsquo;Ouverture de Chantier (DROC).<br \/>\nAffichage r\u00e9glementaire sur le terrain Disquette ou Email \u00e0 l&rsquo;entrep. Pour reprographe.<br \/>\nFiche CCTP restreint pour suivi<br \/>\nPRIVE facturation des quantitatifs<br \/>\nV\u00e9rification des situations 10 jours \u00e0 compter de leur r\u00e9ception \u00e9tablir les propositions de paiement en 3 ex,<br \/>\nFacturation<\/p>\n<h5>Assistance aux Op\u00e9rations de R\u00e9ception<\/h5>\n<p>R\u00e9daction des proc\u00e8s-verbaux et liste des r\u00e9serves. Le ma\u00eetre d&rsquo;ouvrage signe les proc\u00e8s-verbaux.<br \/>\nlev\u00e9e des r\u00e9serves en pr\u00e9sence visite contradictoire du ma\u00eetre d&rsquo;ouvrage et de l&rsquo;entrepreneur.<br \/>\nApr\u00e8s la r\u00e9ception, d\u00e9claration d&rsquo;ach\u00e8vement des travaux \u00e0 la mairie.<br \/>\nFacturation<\/p>\n<h5>Dossier des Ouvrages Ex\u00e9cut\u00e9s<\/h5>\n<p>Fin de mission:<br \/>\n\u00d8 lev\u00e9e des r\u00e9serves<br \/>\n\u00d8 remise du DOE (les plans entrepreneurs, notices de fonctionnement et d&rsquo;entretien au plus tard le jour de la r\u00e9ception des ouvrages) au ma\u00eetre d&rsquo;ouvrage.<br \/>\n\u00d8 \u00e9tablir le d\u00e9compte g\u00e9n\u00e9ral<br \/>\n\u00d8 DGD des entrep. Apr\u00e8s remise DOE &amp; lev\u00e9e des r\u00e9serves<br \/>\nLes prestations effectu\u00e9es apr\u00e8s cette date sont factur\u00e9es au temps pass\u00e9.<br \/>\nFacturation D\u00e9compte d\u00e9finitif<br \/>\nPUBLIC Solde : Le d\u00e9compte g\u00e9n\u00e9ral du march\u00e9, \u00e9tabli et sign\u00e9 par le ma\u00eetre d&rsquo;ouvrage, notifi\u00e9 au ma\u00eetre d&rsquo;\u0153uvre dans un d\u00e9lai maximum de trois mois \u00e0 compter de l&rsquo;ach\u00e8vement de la mission. Le ma\u00eetre d&rsquo;\u0153uvre dispose ensuite d&rsquo;un d\u00e9lai d&rsquo;un mois pour retourner ce d\u00e9compte sign\u00e9 par lui avec ou sans r\u00e9serve.<br \/>\nFaire le proc\u00e8s-verbal d&rsquo;ach\u00e8vement de la mission de ma\u00eetrise d&rsquo;\u0153uvre qui sera d\u00e9livr\u00e9 \u00e0 l&rsquo;expiration de l&rsquo;ann\u00e9e de garantie de parfait ach\u00e8vement des travaux.<\/p>\n<p>.[\/vc_column_text][\/vc_column][\/vc_row][vc_row css=\u00a0\u00bb.vc_custom_1556518800826{margin-top: 25px !important;}\u00a0\u00bb el_class=\u00a0\u00bbp1 d\u00a0\u00bb][vc_column][vc_column_text css=\u00a0\u00bb.vc_custom_1556196931555{margin-bottom: 0px !important;}\u00a0\u00bb]\n<h3 style=\"font-weight: 500; font-size: 18px; color: #dd3333; text-align: center;\">PHASE 1 &#8211; RELEVES &#8211; DIAGNOSTICS<\/h3>\n[\/vc_column_text][vc_column_text css=\u00a0\u00bb.vc_custom_1556518787364{margin-bottom: 0px !important;}\u00a0\u00bb]\n<p style=\"font-size: 15px; text-align: left;\">D\u00e9marches pour acc\u00e9der aux locaux, mat\u00e9riel de relev\u00e9<br \/>\nV\u00e9rification des documents graphiques fournis par le ma\u00eetre d&rsquo;ouvrage<br \/>\nRelev\u00e9 des ouvrages existants 1\/50e, d\u00e9tails 1\/20e + dossier photographique<br \/>\nAnalyse des avoisinants<br \/>\n&#8211; les \u00e9l\u00e9ments mitoyens ;<br \/>\n&#8211; les structures des planchers d\u00e9limitant les propri\u00e9t\u00e9s voisines ;<br \/>\n&#8211; les toitures existantes et les rives de toitures mitoyennes ;<br \/>\n&#8211; l&rsquo;ensemble des canalisations int\u00e9rieures et notamment celles qui desservent les locaux voisins ou qui en proviennent.<br \/>\nRelev\u00e9 de d\u00e9sordres pr\u00e9existants \u00e9tablir la liste ou note sur les plans<br \/>\nPollution des ouvrages amiante, plomb, xylophages, champignons, etc.<br \/>\nRelev\u00e9 des h\u00e9berges par g\u00e9om\u00e8tre expert (plan cadastral, p\u00e9rim\u00e9trique et foncier, plan topographique et de nivellement, relev\u00e9s des existants, des h\u00e9berges, des abords, des plantations et des r\u00e9seaux de rejets, servitudes de sol, de sous-sol, a\u00e9riennes ou radio\u00e9lectriques, etc.),<br \/>\nRecherche historique : inscriptions M.H.<br \/>\nAnalyse du fonctionnement urbanistique et de la perception architecturale du b\u00e2ti existant<br \/>\nFacturation[\/vc_column_text][\/vc_column][\/vc_row][vc_row css=\u00a0\u00bb.vc_custom_1553255217389{margin-top: 25px !important;}\u00a0\u00bb el_class=\u00a0\u00bbp3 d\u00a0\u00bb][vc_column][vc_column_text animation=\u00a0\u00bbbottom-to-top\u00a0\u00bb css=\u00a0\u00bb.vc_custom_1551864981569{margin-bottom: 0px !important;}\u00a0\u00bb]\n<h3 style=\"font-weight: 500; font-size: 18px; color: #dd3333; text-align: center;\">PHASE 3 &#8211; CONCEPTION DU PROJET<\/h3>\n[\/vc_column_text][vc_column_text animation=\u00a0\u00bbbottom-to-top\u00a0\u00bb css=\u00a0\u00bb.vc_custom_1552058747139{margin-bottom: 0px !important;}\u00a0\u00bb]\n<p style=\"font-size: 15px; text-align: left;\">\u00c9tudes d&rsquo;Avant-Projet Sommaire<br \/>\nPUBLIC lettre type mise en concurrence g\u00e9om\u00e8tre, B.C., S.P.S., \u00c9tude de sol<br \/>\nV\u00e9rification des diff\u00e9rentes r\u00e9glementations, publiques ou priv\u00e9es, applicables au projet (POS \u2026) s\u00e9curit\u00e9 incendie, services sanitaires, accessibilit\u00e9 handicap\u00e9s, stationnement, acoustique, etc.)<br \/>\nPlan et volume, \u00e9chelle de 1\/200e \u00e0 1\/100e<br \/>\nEstimation provisoire du co\u00fbt pr\u00e9visionnel des travaux<br \/>\nEstimation du d\u00e9lai global de r\u00e9alisation de l&rsquo;op\u00e9ration et, le cas \u00e9ch\u00e9ant, le d\u00e9coupage en tranches fonctionnelles.<br \/>\nFacturation<br \/>\nPUBLIC le d\u00e9lai maximal ma\u00eetre d&rsquo;ouvrage pour l&rsquo;acceptation, l&rsquo;ajournement ou le rejet: 3 semaines APS<\/p>\n<h5>\u00c9tudes d&rsquo;Avant-Projet D\u00e9finitif<\/h5>\n<p style=\"font-size: 15px; text-align: left;\">Tableau des surfaces d\u00e9taill\u00e9es<br \/>\nplans, coupes et fa\u00e7ades 1\/100e d\u00e9tails 1\/50e<br \/>\nNotice descriptive pr\u00e9cisant la nature des mat\u00e9riaux.<br \/>\nEstimation d\u00e9finitive plus ou moins 15% du co\u00fbt des march\u00e9s de travaux d\u00e9compos\u00e9 en lots s\u00e9par\u00e9s<br \/>\nFacturation<br \/>\nPUBLIC Estimation d\u00e9finitive plus ou moins 10% du co\u00fbt des march\u00e9s de travaux<br \/>\nAvenant ou d&rsquo;ordre de service pour r\u00e9ajuster le forfait d\u00e9finitif de r\u00e9mun\u00e9ration le d\u00e9lai maximal ma\u00eetre d&rsquo;ouvrage pour l&rsquo;acceptation, l&rsquo;ajournement ou le rejet: 1 mois APD<\/p>\n<h5>Dossier de demande de Permis de Construire (ou de D\u00e9claration de Travaux)<\/h5>\n<p style=\"font-size: 15px; text-align: left;\">Dossier de demande de permis de construire ou de d\u00e9claration de travaux cf. Autocontr\u00f4le PC<br \/>\nPlan de masse 1\/500e plans des niveaux, coupes et fa\u00e7ades \u00e0 l&rsquo;\u00e9chelle de 1\/100e<br \/>\nVolet paysager, notice accessibilit\u00e9 aux handicap\u00e9s, notice de s\u00e9curit\u00e9, notice services sanitaires, etc.<\/p>\n<h5>Dossier de demande de Permis de d\u00e9molir<\/h5>\n<p style=\"font-size: 15px; text-align: left;\">plan de situation du terrain 1\/2000\u00e8me 1\/10 000\u00e8me<br \/>\nplan de masse 1\/50\u00e8me 1\/200\u00e8me + photos<br \/>\nD\u00e9p\u00f4t du dossier en AR ou r\u00e9c\u00e9piss\u00e9<br \/>\nLe ma\u00eetre d&rsquo;ouvrage donne copie de l&rsquo;arr\u00eat\u00e9 et de ses annexes \u00e0 l&rsquo;archi, au B.C., au S.P.S.<br \/>\nFacturation<\/p>\n<h5>\u00c9tudes de Projet de Conception G\u00e9n\u00e9rale<\/h5>\n<p style=\"font-size: 15px; text-align: left;\">Choix des bureau d&rsquo;\u00e9tudes<br \/>\nplans, coupes, et \u00e9l\u00e9vations 1\/50e + d\u00e9tails+ d\u00e9tails cf. Autocontr\u00f4le Projet<br \/>\ncahier des Clauses administratives particuli\u00e8res (CCAP), calendrier pr\u00e9visible du d\u00e9roulement de l&rsquo;op\u00e9ration.<br \/>\ncahier des Clauses Techniques Particuli\u00e8res (CCTP) descriptifs d\u00e9taill\u00e9s par corps d&rsquo;\u00e9tat,annotation des plans pour les dessinateur<br \/>\nCo\u00fbt pr\u00e9visionnel des travaux par corps d&rsquo;\u00e9tat \u00e0 plus ou moins10 % du co\u00fbt des march\u00e9s de travaux.<br \/>\nR\u00e9union Archi Dessinateur &amp; descripteur, Correction des plans<br \/>\nFacturation<br \/>\nPUBLIC le d\u00e9lai maximal ma\u00eetre d&rsquo;ouvrage pour l&rsquo;acceptation, l&rsquo;ajournement ou le rejet: 1 mois PRO.<\/p>\n<h5>Assistance pour la passation des march\u00e9s de travaux<\/h5>\n<p style=\"font-size: 15px; text-align: left;\">PUBLIC Type de march\u00e9 de travaux : avis de publicit\u00e9<\/p>\n<h5>Dossier de Consultation des Entreprises<\/h5>\n<p style=\"font-size: 15px; text-align: left;\">Listes des entreprises \u00e0 consulter &amp; reprographe \u00e0 faire valider par le ma\u00eetre d&rsquo;ouvrage<br \/>\nLettres type de r\u00e8glement de consultation ou r\u00e8glement particulier d&rsquo;appel d&rsquo;offres (RPAO),<br \/>\nPlans, coupes, et \u00e9l\u00e9vations 1\/50e + d\u00e9tails+ plans des B.E.<br \/>\nCahier des Clauses administratives particuli\u00e8res (CCAP), calendrier pr\u00e9visible du d\u00e9roulement de l&rsquo;op\u00e9ration.<br \/>\nCahier des Clauses Techniques Particuli\u00e8res (CCTP) descriptifs (&amp; quantitatif PRIVES) d\u00e9taill\u00e9s par corps d&rsquo;\u00e9tat<br \/>\nRapport \u00e9tude de sols<br \/>\nRapport initial du bureau de contr\u00f4le<br \/>\nExemple de facturation &amp; de d\u00e9compte g\u00e9n\u00e9ral de travaux<br \/>\nVolet paysager, notice accessibilit\u00e9 aux handicap\u00e9s, notice de s\u00e9curit\u00e9, notice services sanitaires, etc.<br \/>\nPRIVE Lettres de facturation des quantitatif<br \/>\nPUBLIC Plan G\u00e9n\u00e9ral de Coordination S\u00e9curit\u00e9 Protection de la Sant\u00e9<br \/>\nR\u00e8glement de consultation<br \/>\nActe d&rsquo;engagement<\/p>\n<h5>Mise au point des March\u00e9s de Travaux<\/h5>\n<p style=\"font-size: 15px; text-align: left;\">PUBLIC Tableau d&rsquo;ouverture des plis<br \/>\nPV commission d&rsquo;ouverture des plis<br \/>\nD\u00e9pouillement des offres des entreprises &amp; analyse comparative<br \/>\nRapport, propose au ma\u00eetre d&rsquo;ouvrage la liste des entreprises \u00e0 retenir<br \/>\nPUBLIC Dossier d&rsquo;analyse des offres<br \/>\nEtablir les march\u00e9s de gr\u00e9 \u00e0 gr\u00e9<br \/>\nEtablissement du calendrier pr\u00e9visionnel d&rsquo;ex\u00e9cution des travaux par lots ou corps d&rsquo;\u00e9tat.<br \/>\nL&rsquo;entreprise signe les march\u00e9s &amp; planning et fournit les assurance<br \/>\nMa\u00eetre d&rsquo;ouvrage signent les pi\u00e8ces du march\u00e9 et les \u00e9ventuels avenants.<br \/>\nlettre r\u00e9ponse positive ou n\u00e9gative ent. appel d&rsquo;offre.doc<br \/>\nPUBLIC PV du ma\u00eetre d&rsquo;oeuvre<br \/>\nDossiers de march\u00e9 de travaux en 5 ex. signature entrep. &amp; maire envoie en pr\u00e9fecture, au retour,notification de march\u00e9 de travaux<br \/>\nPub attribution<br \/>\nFacturation<\/p>\n[\/vc_column_text][\/vc_column][\/vc_row][vc_row css=\u00a0\u00bb.vc_custom_1553255225517{margin-top: 25px !important;}\u00a0\u00bb el_class=\u00a0\u00bbp2 d\u00a0\u00bb][vc_column][vc_column_text animation=\u00a0\u00bbbottom-to-top\u00a0\u00bb css=\u00a0\u00bb.vc_custom_1551865001944{margin-bottom: 0px !important;}\u00a0\u00bb]\n<h3 style=\"font-weight: 500; font-size: 18px; color: #dd3333; text-align: center;\">PHASE 2 &#8211; ETUDES PRELIMINAIRES<\/h3>\n[\/vc_column_text][vc_column_text animation=\u00a0\u00bbbottom-to-top\u00a0\u00bb css=\u00a0\u00bb.vc_custom_1552058736442{margin-bottom: 0px !important;}\u00a0\u00bb]\n<p style=\"font-size: 15px; text-align: left;\">Esquisse d&rsquo;une solution d&rsquo;ensemble<br \/>\nd\u00e9tails et croquis, volum\u00e9trie d&rsquo;ensemble 1\/200e d\u00e9tails 1\/100e.<br \/>\nPUBLIC les plans des niveaux significatifs \u00e9tablis au 1\/500, d\u00e9tails au 1\/200, volum\u00e9trie d&rsquo;ensemble, une fa\u00e7ade significative au 1\/200.<br \/>\nLogements neufs, les plans des principaux types de logements au 1\/200 peuvent \u00eatre demand\u00e9s en plus des \u00e9tudes d&rsquo;esquisse.<br \/>\nEvaluation sommaire financi\u00e8re de l&rsquo;op\u00e9ration<br \/>\nFaisabilit\u00e9 de l&rsquo;op\u00e9ration<br \/>\nNouveau programme &amp; enveloppe financi\u00e8re de l&rsquo;op\u00e9ration, aprobation15 jours.<br \/>\nPUBLIC le d\u00e9lai maximal ma\u00eetre d&rsquo;ouvrage pour l&rsquo;acceptation, l&rsquo;ajournement ou le rejet: 3 semaines ESQ<br \/>\nFacturation[\/vc_column_text][\/vc_column][\/vc_row]\n","protected":false},"excerpt":{"rendered":"<p>[vc_row fullwidth=\u00a0\u00bbtrue\u00a0\u00bb css=\u00a0\u00bb.vc_custom_1553239417369{margin-top: 11px !important;margin-bottom: 25px !important;}\u00a0\u00bb][vc_column][vc_column_text css=\u00a0\u00bb.vc_custom_1551864626794{margin-bottom: 0px !important;}\u00a0\u00bb] D\u00e9marche qualit\u00e9 de l&rsquo;agence [\/vc_column_text][\/vc_column][\/vc_row][vc_row css=\u00a0\u00bb.vc_custom_1551871980852{margin-top: -25px !important;}\u00a0\u00bb][vc_column][vc_separator color=\u00a0\u00bbcustom\u00a0\u00bb border_width=\u00a0\u00bb2&Prime; el_width=\u00a0\u00bb30&Prime; accent_color=\u00a0\u00bb#dd3333&Prime;][\/vc_column][\/vc_row][vc_row fullwidth=\u00a0\u00bbtrue\u00a0\u00bb][vc_column][vc_column_text el_class=\u00a0\u00bbzds\u00a0\u00bb css=\u00a0\u00bb.vc_custom_1556548837619{margin-bottom: 0px !important;}\u00a0\u00bb] La m\u00e9thodologie propos\u00e9e pour la r\u00e9alisation de nos missions de ma\u00eetrise d\u2019\u0153uvre nous permet d\u2019optimiser les rapports avec nos ma\u00eetres d\u2019ouvrage. Lorsqu\u2019une affaire est cr\u00e9\u00e9e, un num\u00e9ro lui [&hellip;]<\/p>\n","protected":false},"author":1,"featured_media":0,"parent":0,"menu_order":0,"comment_status":"closed","ping_status":"closed","template":"","meta":{"footnotes":""},"acf":[],"_links":{"self":[{"href":"https:\/\/a2architectes.fr\/index.php\/wp-json\/wp\/v2\/pages\/19"}],"collection":[{"href":"https:\/\/a2architectes.fr\/index.php\/wp-json\/wp\/v2\/pages"}],"about":[{"href":"https:\/\/a2architectes.fr\/index.php\/wp-json\/wp\/v2\/types\/page"}],"author":[{"embeddable":true,"href":"https:\/\/a2architectes.fr\/index.php\/wp-json\/wp\/v2\/users\/1"}],"replies":[{"embeddable":true,"href":"https:\/\/a2architectes.fr\/index.php\/wp-json\/wp\/v2\/comments?post=19"}],"version-history":[{"count":104,"href":"https:\/\/a2architectes.fr\/index.php\/wp-json\/wp\/v2\/pages\/19\/revisions"}],"predecessor-version":[{"id":1481,"href":"https:\/\/a2architectes.fr\/index.php\/wp-json\/wp\/v2\/pages\/19\/revisions\/1481"}],"wp:attachment":[{"href":"https:\/\/a2architectes.fr\/index.php\/wp-json\/wp\/v2\/media?parent=19"}],"curies":[{"name":"wp","href":"https:\/\/api.w.org\/{rel}","templated":true}]}}